{"id":15,"date":"2025-12-12T00:28:38","date_gmt":"2025-12-12T00:28:38","guid":{"rendered":"https:\/\/www.sevinkabenteuerpark.de\/?page_id=15"},"modified":"2025-12-12T00:28:38","modified_gmt":"2025-12-12T00:28:38","slug":"tagesplanung-als-inspiration","status":"publish","type":"page","link":"https:\/\/www.sevinkabenteuerpark.de\/?page_id=15","title":{"rendered":"Tagesplanung als Inspiration"},"content":{"rendered":"\n<p><strong>9:45 Uhr \u2013 Ankunft<\/strong><\/p>\n\n\n\n<p>Die Windm\u00fchle ist von der Stra\u00dfe aus sichtbar und markiert den Beginn des Tages. Der Hof strahlt Ruhe aus, w\u00e4hrend die Kinder zum Eingang gehen.<\/p>\n\n\n\n<p><strong>10:00 Uhr \u2013 Indoor-Spielplatz<\/strong><\/p>\n\n\n\n<p>Sobald sich die T\u00fcren \u00f6ffnen, erf\u00fcllt ein lebhafter Mix aus Spielger\u00e4uschen die Luft. Die Kinder st\u00fcrzen sich auf die Kletterger\u00fcste, probieren die Trampoline aus und begeben sich auf Schatzsuche.<\/p>\n\n\n\n<p><strong>11:15 Uhr \u2013 Rennen und Spiele<\/strong><\/p>\n\n\n\n<p>Elektroautos flitzen umher, und an den Airhockey-Tischen entstehen kleine, sportliche Duelle. Die Stimmung in der Halle steigt sp\u00fcrbar.<\/p>\n\n\n\n<p><strong>12:30 Uhr \u2013 Mittagessen<\/strong><\/p>\n\n\n\n<p>Im Restaurant werden Pfannkuchen, Pommes und andere Gerichte serviert. Von den Tischen aus hat man Blick auf die Windm\u00fchle oder Teile des Spielplatzes \u2013 ein entspanntes Esserlebnis.<\/p>\n\n\n\n<p><strong>14:00 Uhr \u2013 Outdoor-Spielplatz<\/strong><\/p>\n\n\n\n<p>Nach dem Mittagessen verlagert sich das Spiel nach drau\u00dfen. Go-Karts sausen \u00fcber die Bahnen und Kinder sausen an der Seilrutsche \u00fcber die Wiese. Die Sandk\u00e4sten verwandeln sich im Nu in Baustellen, auf denen alles m\u00f6glich scheint.<\/p>\n\n\n\n<p><strong>15:30 Uhr \u2013 Snack und Spaziergang<\/strong><\/p>\n\n\n\n<p>Ein Eis oder ein Getr\u00e4nk bieten eine willkommene Pause. Wer sich die Beine vertreten m\u00f6chte, kann einen kurzen Spaziergang Richtung Hilgelomeer unternehmen.<\/p>\n\n\n\n<p><strong>16:00 Uhr \u2013 Letzte Spielrunde<\/strong><\/p>\n\n\n\n<p>Die Kinder w\u00e4hlen ein letztes Mal ihre Lieblingsger\u00e4te. Die Eltern machen die letzten Fotos und versammeln die Kinder langsam wieder.<\/p>\n\n\n\n<p><strong>17:30 Uhr \u2013 Ende des Tages<\/strong><\/p>\n\n\n\n<p>Die Windm\u00fchle markiert erneut den Abschied. Die Umgebung kehrt Ruhe ein und der Tag gleitet sanft in den Abend \u00fcber..<\/p>\n","protected":false},"excerpt":{"rendered":"<p>9:45 Uhr \u2013 Ankunft Die Windm\u00fchle ist von der Stra\u00dfe aus sichtbar und markiert den Beginn des Tages. Der Hof strahlt Ruhe aus, w\u00e4hrend die Kinder zum Eingang gehen. 10:00 Uhr \u2013 Indoor-Spielplatz Sobald sich die T\u00fcren \u00f6ffnen, erf\u00fcllt ein lebhafter Mix aus Spielger\u00e4uschen die Luft. Die Kinder st\u00fcrzen sich auf die Kletterger\u00fcste, probieren die &hellip; <a href=\"https:\/\/www.sevinkabenteuerpark.de\/?page_id=15\" class=\"more-link\">Continue reading <span class=\"screen-reader-text\">Tagesplanung als Inspiration<\/span><\/a><\/p>\n","protected":false},"author":1,"featured_media":0,"parent":0,"menu_order":0,"comment_status":"closed","ping_status":"closed","template":"","meta":{"footnotes":""},"class_list":["post-15","page","type-page","status-publish","hentry"],"_links":{"self":[{"href":"https:\/\/www.sevinkabenteuerpark.de\/index.php?rest_route=\/wp\/v2\/pages\/15","targetHints":{"allow":["GET"]}}],"collection":[{"href":"https:\/\/www.sevinkabenteuerpark.de\/index.php?rest_route=\/wp\/v2\/pages"}],"about":[{"href":"https:\/\/www.sevinkabenteuerpark.de\/index.php?rest_route=\/wp\/v2\/types\/page"}],"author":[{"embeddable":true,"href":"https:\/\/www.sevinkabenteuerpark.de\/index.php?rest_route=\/wp\/v2\/users\/1"}],"replies":[{"embeddable":true,"href":"https:\/\/www.sevinkabenteuerpark.de\/index.php?rest_route=%2Fwp%2Fv2%2Fcomments&post=15"}],"version-history":[{"count":1,"href":"https:\/\/www.sevinkabenteuerpark.de\/index.php?rest_route=\/wp\/v2\/pages\/15\/revisions"}],"predecessor-version":[{"id":16,"href":"https:\/\/www.sevinkabenteuerpark.de\/index.php?rest_route=\/wp\/v2\/pages\/15\/revisions\/16"}],"wp:attachment":[{"href":"https:\/\/www.sevinkabenteuerpark.de\/index.php?rest_route=%2Fwp%2Fv2%2Fmedia&parent=15"}],"curies":[{"name":"wp","href":"https:\/\/api.w.org\/{rel}","templated":true}]}}